{"id":16190,"date":"2025-12-14T18:40:26","date_gmt":"2025-12-14T18:40:26","guid":{"rendered":"https:\/\/gason-marketing.com\/news\/"},"modified":"2025-12-16T13:15:21","modified_gmt":"2025-12-16T13:15:21","slug":"news","status":"publish","type":"page","link":"https:\/\/gason-marketing.com\/fr\/news\/","title":{"rendered":"Actualit\u00e9s GasOn Marketing"},"content":{"rendered":"<p>[et_pb_section fb_built=\u00a0\u00bb1&Prime; admin_label=\u00a0\u00bbHero\u00a0\u00bb _builder_version=\u00a0\u00bb4.27.5&Prime; background_color=\u00a0\u00bbrgba(127,127,127,0)\u00a0\u00bb background_image=\u00a0\u00bbhttps:\/\/gason-marketing.com\/wp-content\/uploads\/2025\/12\/gason-marketing-news_1920-450.webp\u00a0\u00bb background_position=\u00a0\u00bbtop_left\u00a0\u00bb background_blend=\u00a0\u00bboverlay\u00a0\u00bb locked=\u00a0\u00bboff\u00a0\u00bb global_colors_info=\u00a0\u00bb{%22gcid-daa5ae2f-01bb-4a04-9a41-4cfcb5845afc%22:%91%22background_color_gradient_stops%22%93,%22gcid-19964ace-e040-42a8-b9d4-cd3e7798298c%22:%91%22background_color_gradient_stops%22%93,%22gcid-1601ebb3-0f05-420d-8156-a02601a2f132%22:%91%22background_color_gradient_stops%22%93,%22gcid-de9bf88a-f863-4d81-b15c-a2c4f72f114c%22:%91%22background_color_gradient_stops%22%93,%22gcid-f5f65c72-95a1-4bfc-9a7b-ef4bc270ed78%22:%91%22background_color_gradient_stops%22%93,%22gcid-429553d8-e94d-4042-8282-844cf7adcb5e%22:%91%22background_color_gradient_stops%22%93,%22gcid-a1a6ea8f-b09f-4177-947a-0a25d1d041d3%22:%91%22background_color_gradient_stops%22%93,%22gcid-f686ad38-8620-40b8-ab33-464305f9f0c1%22:%91%22background_color_gradient_stops%22%93,%22gcid-82c9e7fa-607f-450e-abae-803398fc3d2d%22:%91%22background_color_gradient_stops%22%93}\u00a0\u00bb][et_pb_row column_structure=\u00a0\u00bb1_2,1_2&Prime; custom_padding_last_edited=\u00a0\u00bbon|phone\u00a0\u00bb _builder_version=\u00a0\u00bb4.27.5&Prime; background_color=\u00a0\u00bbRGBA(255,255,255,0)\u00a0\u00bb custom_margin=\u00a0\u00bb|||\u00a0\u00bb custom_padding=\u00a0\u00bb||||false|false\u00a0\u00bb custom_padding_tablet=\u00a0\u00bb||||false|false\u00a0\u00bb custom_padding_phone=\u00a0\u00bb0px||0px||false|false\u00a0\u00bb custom_width_px=\u00a0\u00bb1280px\u00a0\u00bb global_colors_info=\u00a0\u00bb{}\u00a0\u00bb][et_pb_column type=\u00a0\u00bb1_2&Prime; _builder_version=\u00a0\u00bb4.16&Prime; custom_padding=\u00a0\u00bb|||\u00a0\u00bb global_colors_info=\u00a0\u00bb{}\u00a0\u00bb custom_padding__hover=\u00a0\u00bb|||\u00a0\u00bb][et_pb_text _builder_version=\u00a0\u00bb4.27.5&Prime; _module_preset=\u00a0\u00bbdefault\u00a0\u00bb text_text_color=\u00a0\u00bb#FFFFFF\u00a0\u00bb header_font=\u00a0\u00bb|600|||||||\u00a0\u00bb header_text_color=\u00a0\u00bb#FFFFFF\u00a0\u00bb header_font_size=\u00a0\u00bb36px\u00a0\u00bb header_line_height=\u00a0\u00bb1.3em\u00a0\u00bb header_2_text_color=\u00a0\u00bb#FFFFFF\u00a0\u00bb custom_padding=\u00a0\u00bb||||false|false\u00a0\u00bb header_font_size_tablet=\u00a0\u00bb30px\u00a0\u00bb header_font_size_phone=\u00a0\u00bb30px\u00a0\u00bb header_font_size_last_edited=\u00a0\u00bbon|phone\u00a0\u00bb header_line_height_tablet=\u00a0\u00bb1.3em\u00a0\u00bb header_line_height_phone=\u00a0\u00bb1.3em\u00a0\u00bb header_line_height_last_edited=\u00a0\u00bbon|phone\u00a0\u00bb global_colors_info=\u00a0\u00bb{}\u00a0\u00bb]<\/p>\n<h1>Actualit\u00e9s GasOn Marketing<\/h1>\n<h2>News, conseils et \u00e9v\u00e9nements<\/h2>\n<p>Suivez les derni\u00e8res actualit\u00e9s de GasOn Marketing, d\u00e9couvrez les conseils d&rsquo;International SEO Consultant, et explorez les projets de Catherine Gason, fondatrice des deux initiatives.<\/p>\n<p>[\/et_pb_text][\/et_pb_column][et_pb_column type=\u00a0\u00bb1_2&Prime; _builder_version=\u00a0\u00bb4.16&Prime; custom_padding=\u00a0\u00bb|||\u00a0\u00bb global_colors_info=\u00a0\u00bb{}\u00a0\u00bb custom_padding__hover=\u00a0\u00bb|||\u00a0\u00bb][\/et_pb_column][\/et_pb_row][\/et_pb_section][et_pb_section fb_built=\u00a0\u00bb1&Prime; _builder_version=\u00a0\u00bb4.24.3&Prime; _module_preset=\u00a0\u00bbdefault\u00a0\u00bb background_enable_color=\u00a0\u00bboff\u00a0\u00bb custom_padding=\u00a0\u00bb50px||50px||false|false\u00a0\u00bb saved_tabs=\u00a0\u00bball\u00a0\u00bb global_colors_info=\u00a0\u00bb{%22gcid-1601ebb3-0f05-420d-8156-a02601a2f132%22:%91%22background_color%22%93}\u00a0\u00bb][et_pb_row custom_padding_last_edited=\u00a0\u00bbon|phone\u00a0\u00bb _builder_version=\u00a0\u00bb4.24.3&Prime; _module_preset=\u00a0\u00bbdefault\u00a0\u00bb custom_padding_tablet=\u00a0\u00bb||||true\u00a0\u00bb custom_padding_phone=\u00a0\u00bb0px||0px||false|false\u00a0\u00bb global_colors_info=\u00a0\u00bb{}\u00a0\u00bb][et_pb_column type=\u00a0\u00bb4_4&Prime; _builder_version=\u00a0\u00bb4.24.0&Prime; _module_preset=\u00a0\u00bbdefault\u00a0\u00bb global_colors_info=\u00a0\u00bb{}\u00a0\u00bb][et_pb_text ul_type=\u00a0\u00bbsquare\u00a0\u00bb _builder_version=\u00a0\u00bb4.27.5&Prime; _module_preset=\u00a0\u00bbdefault\u00a0\u00bb header_2_text_align=\u00a0\u00bbcenter\u00a0\u00bb module_alignment=\u00a0\u00bbcenter\u00a0\u00bb global_colors_info=\u00a0\u00bb{}\u00a0\u00bb]<\/p>\n<h2 style=\"text-align: center;\">Restez \u00e0 la pointe avec les actualit\u00e9s de GasOn Marketing<\/h2>\n<p>D\u00e9couvrez les derni\u00e8res nouvelles et les \u00e9v\u00e9nements \u00e0 venir de <a href=\"https:\/\/gason-marketing.com\/fr\/\" title=\"GasOn Marketing\">GasOn Marketing<\/a>, d\u2019<a href=\"https:\/\/international-seo-consultant.com\" target=\"_blank\" rel=\"noopener\" title=\"International SEO Consultant\">International SEO Consultant<\/a> et de <a href=\"https:\/\/gason-marketing.com\/fr\/catherine-gason\/\" title=\"Catherine Gason\">Catherine Gason<\/a>. Prot\u00e9gez votre marque et saisissez de nouvelles opportunit\u00e9s pour d\u00e9velopper votre pr\u00e9sence en ligne.[\/et_pb_text][\/et_pb_column][\/et_pb_row][et_pb_row _builder_version=\u00a0\u00bb4.25.0&Prime; _module_preset=\u00a0\u00bbdefault\u00a0\u00bb locked=\u00a0\u00bboff\u00a0\u00bb global_colors_info=\u00a0\u00bb{}\u00a0\u00bb][et_pb_column type=\u00a0\u00bb4_4&Prime; _builder_version=\u00a0\u00bb4.25.0&Prime; _module_preset=\u00a0\u00bbdefault\u00a0\u00bb global_colors_info=\u00a0\u00bb{}\u00a0\u00bb][et_pb_blog fullwidth=\u00a0\u00bboff\u00a0\u00bb posts_number=\u00a0\u00bb21&Prime; include_categories=\u00a0\u00bb107&Prime; masonry_tile_background_color=\u00a0\u00bbRGBA(255,255,255,0)\u00a0\u00bb _builder_version=\u00a0\u00bb4.27.5&Prime; _module_preset=\u00a0\u00bbdefault\u00a0\u00bb header_level=\u00a0\u00bbh3&Prime; background_color=\u00a0\u00bbRGBA(255,255,255,0)\u00a0\u00bb hover_enabled=\u00a0\u00bb0&Prime; border_width_all=\u00a0\u00bb0px\u00a0\u00bb border_color_all=\u00a0\u00bbRGBA(255,255,255,0)\u00a0\u00bb box_shadow_style=\u00a0\u00bbpreset4&Prime; box_shadow_color=\u00a0\u00bb#FFCC00&Prime; global_colors_info=\u00a0\u00bb{}\u00a0\u00bb sticky_enabled=\u00a0\u00bb0&Prime;][\/et_pb_blog][\/et_pb_column][\/et_pb_row][\/et_pb_section]<\/p>\n","protected":false},"excerpt":{"rendered":"<p>Restez inform\u00e9 des actualit\u00e9s de GasOn Marketing et d\u2019International SEO Consultant, ainsi que de Catherine Gason, fondatrice de ces deux projets.<\/p>\n","protected":false},"author":2,"featured_media":0,"parent":0,"menu_order":0,"comment_status":"closed","ping_status":"closed","template":"","meta":{"_et_pb_use_builder":"on","_et_pb_old_content":"","_et_gb_content_width":"","footnotes":""},"class_list":["post-16190","page","type-page","status-publish","hentry"],"yoast_head":"<!-- This site is optimized with the Yoast SEO plugin v27.4 - https:\/\/yoast.com\/product\/yoast-seo-wordpress\/ -->\n<title>Actualit\u00e9s GasOn Marketing : news et prochains \u00e9v\u00e9nements<\/title>\n<meta name=\"description\" content=\"Restez inform\u00e9 des actualit\u00e9s de GasOn Marketing et d\u2019International SEO Consultant, ainsi que de Catherine Gason, fondatrice de ces deux projets.\" \/>\n<meta name=\"robots\" content=\"index, follow, max-snippet:-1, max-image-preview:large, max-video-preview:-1\" \/>\n<link rel=\"canonical\" href=\"https:\/\/gason-marketing.com\/fr\/news\/\" \/>\n<meta property=\"og:locale\" content=\"fr_FR\" \/>\n<meta property=\"og:type\" content=\"article\" \/>\n<meta property=\"og:title\" content=\"Actualit\u00e9s GasOn Marketing : news et prochains \u00e9v\u00e9nements\" \/>\n<meta property=\"og:description\" content=\"Restez inform\u00e9 des actualit\u00e9s de GasOn Marketing et d\u2019International SEO Consultant, ainsi que de Catherine Gason, fondatrice de ces deux projets.\" \/>\n<meta property=\"og:url\" content=\"https:\/\/gason-marketing.com\/fr\/news\/\" \/>\n<meta property=\"og:site_name\" content=\"GasOn Marketing\" \/>\n<meta property=\"article:publisher\" content=\"https:\/\/www.facebook.com\/gasonmarketing\" \/>\n<meta property=\"article:modified_time\" content=\"2025-12-16T13:15:21+00:00\" \/>\n<meta name=\"twitter:card\" content=\"summary_large_image\" \/>\n<meta name=\"twitter:site\" content=\"@GasOnMarketing\" \/>\n<meta name=\"twitter:label1\" content=\"Dur\u00e9e de lecture estim\u00e9e\" \/>\n\t<meta name=\"twitter:data1\" content=\"1 minute\" \/>\n<script type=\"application\/ld+json\" class=\"yoast-schema-graph\">{\"@context\":\"https:\\\/\\\/schema.org\",\"@graph\":[{\"@type\":\"WebPage\",\"@id\":\"https:\\\/\\\/gason-marketing.com\\\/fr\\\/news\\\/\",\"url\":\"https:\\\/\\\/gason-marketing.com\\\/fr\\\/news\\\/\",\"name\":\"Actualit\u00e9s GasOn Marketing : news et prochains \u00e9v\u00e9nements\",\"isPartOf\":{\"@id\":\"https:\\\/\\\/gason-marketing.com\\\/fr\\\/#website\"},\"datePublished\":\"2025-12-14T18:40:26+00:00\",\"dateModified\":\"2025-12-16T13:15:21+00:00\",\"description\":\"Restez inform\u00e9 des actualit\u00e9s de GasOn Marketing et d\u2019International SEO Consultant, ainsi que de Catherine Gason, fondatrice de ces deux projets.\",\"breadcrumb\":{\"@id\":\"https:\\\/\\\/gason-marketing.com\\\/fr\\\/news\\\/#breadcrumb\"},\"inLanguage\":\"fr-FR\",\"potentialAction\":[{\"@type\":\"ReadAction\",\"target\":[\"https:\\\/\\\/gason-marketing.com\\\/fr\\\/news\\\/\"]}]},{\"@type\":\"BreadcrumbList\",\"@id\":\"https:\\\/\\\/gason-marketing.com\\\/fr\\\/news\\\/#breadcrumb\",\"itemListElement\":[{\"@type\":\"ListItem\",\"position\":1,\"name\":\"Home\",\"item\":\"https:\\\/\\\/gason-marketing.com\\\/fr\\\/\"},{\"@type\":\"ListItem\",\"position\":2,\"name\":\"Actualit\u00e9s GasOn Marketing\"}]},{\"@type\":\"WebSite\",\"@id\":\"https:\\\/\\\/gason-marketing.com\\\/fr\\\/#website\",\"url\":\"https:\\\/\\\/gason-marketing.com\\\/fr\\\/\",\"name\":\"GasOn Marketing\",\"description\":\"Multilingual SEO &amp; Integrated Digital Marketing Consultancy\",\"publisher\":{\"@id\":\"https:\\\/\\\/gason-marketing.com\\\/fr\\\/#organization\"},\"potentialAction\":[{\"@type\":\"SearchAction\",\"target\":{\"@type\":\"EntryPoint\",\"urlTemplate\":\"https:\\\/\\\/gason-marketing.com\\\/fr\\\/?s={search_term_string}\"},\"query-input\":{\"@type\":\"PropertyValueSpecification\",\"valueRequired\":true,\"valueName\":\"search_term_string\"}}],\"inLanguage\":\"fr-FR\"},{\"@type\":\"Organization\",\"@id\":\"https:\\\/\\\/gason-marketing.com\\\/fr\\\/#organization\",\"name\":\"GasOn Marketing\",\"url\":\"https:\\\/\\\/gason-marketing.com\\\/fr\\\/\",\"logo\":{\"@type\":\"ImageObject\",\"inLanguage\":\"fr-FR\",\"@id\":\"https:\\\/\\\/gason-marketing.com\\\/fr\\\/#\\\/schema\\\/logo\\\/image\\\/\",\"url\":\"https:\\\/\\\/gason-marketing.com\\\/wp-content\\\/uploads\\\/2024\\\/04\\\/gason-marketing-logo_238-46.png\",\"contentUrl\":\"https:\\\/\\\/gason-marketing.com\\\/wp-content\\\/uploads\\\/2024\\\/04\\\/gason-marketing-logo_238-46.png\",\"width\":238,\"height\":46,\"caption\":\"GasOn Marketing\"},\"image\":{\"@id\":\"https:\\\/\\\/gason-marketing.com\\\/fr\\\/#\\\/schema\\\/logo\\\/image\\\/\"},\"sameAs\":[\"https:\\\/\\\/www.facebook.com\\\/gasonmarketing\",\"https:\\\/\\\/x.com\\\/GasOnMarketing\",\"https:\\\/\\\/www.instagram.com\\\/catherine.gason\\\/\",\"https:\\\/\\\/www.linkedin.com\\\/in\\\/catherinegason\\\/\",\"https:\\\/\\\/www.youtube.com\\\/@gason-marketing\",\"https:\\\/\\\/www.pinterest.com\\\/catherinegason\\\/\",\"https:\\\/\\\/www.tiktok.com\\\/@catherine.gason\",\"https:\\\/\\\/www.threads.com\\\/@catherine.gason\",\"https:\\\/\\\/en.wikipedia.org\\\/wiki\\\/User:CatherineGason\",\"https:\\\/\\\/fr.wikipedia.org\\\/wiki\\\/Utilisateur:CatherineGason\",\"https:\\\/\\\/it.wikipedia.org\\\/wiki\\\/Utente:CatherineGason\"]}]}<\/script>\n<!-- \/ Yoast SEO plugin. -->","yoast_head_json":{"title":"Actualit\u00e9s GasOn Marketing : news et prochains \u00e9v\u00e9nements","description":"Restez inform\u00e9 des actualit\u00e9s de GasOn Marketing et d\u2019International SEO Consultant, ainsi que de Catherine Gason, fondatrice de ces deux projets.","robots":{"index":"index","follow":"follow","max-snippet":"max-snippet:-1","max-image-preview":"max-image-preview:large","max-video-preview":"max-video-preview:-1"},"canonical":"https:\/\/gason-marketing.com\/fr\/news\/","og_locale":"fr_FR","og_type":"article","og_title":"Actualit\u00e9s GasOn Marketing : news et prochains \u00e9v\u00e9nements","og_description":"Restez inform\u00e9 des actualit\u00e9s de GasOn Marketing et d\u2019International SEO Consultant, ainsi que de Catherine Gason, fondatrice de ces deux projets.","og_url":"https:\/\/gason-marketing.com\/fr\/news\/","og_site_name":"GasOn Marketing","article_publisher":"https:\/\/www.facebook.com\/gasonmarketing","article_modified_time":"2025-12-16T13:15:21+00:00","twitter_card":"summary_large_image","twitter_site":"@GasOnMarketing","twitter_misc":{"Dur\u00e9e de lecture estim\u00e9e":"1 minute"},"schema":{"@context":"https:\/\/schema.org","@graph":[{"@type":"WebPage","@id":"https:\/\/gason-marketing.com\/fr\/news\/","url":"https:\/\/gason-marketing.com\/fr\/news\/","name":"Actualit\u00e9s GasOn Marketing : news et prochains \u00e9v\u00e9nements","isPartOf":{"@id":"https:\/\/gason-marketing.com\/fr\/#website"},"datePublished":"2025-12-14T18:40:26+00:00","dateModified":"2025-12-16T13:15:21+00:00","description":"Restez inform\u00e9 des actualit\u00e9s de GasOn Marketing et d\u2019International SEO Consultant, ainsi que de Catherine Gason, fondatrice de ces deux projets.","breadcrumb":{"@id":"https:\/\/gason-marketing.com\/fr\/news\/#breadcrumb"},"inLanguage":"fr-FR","potentialAction":[{"@type":"ReadAction","target":["https:\/\/gason-marketing.com\/fr\/news\/"]}]},{"@type":"BreadcrumbList","@id":"https:\/\/gason-marketing.com\/fr\/news\/#breadcrumb","itemListElement":[{"@type":"ListItem","position":1,"name":"Home","item":"https:\/\/gason-marketing.com\/fr\/"},{"@type":"ListItem","position":2,"name":"Actualit\u00e9s GasOn Marketing"}]},{"@type":"WebSite","@id":"https:\/\/gason-marketing.com\/fr\/#website","url":"https:\/\/gason-marketing.com\/fr\/","name":"GasOn Marketing","description":"Multilingual SEO &amp; Integrated Digital Marketing Consultancy","publisher":{"@id":"https:\/\/gason-marketing.com\/fr\/#organization"},"potentialAction":[{"@type":"SearchAction","target":{"@type":"EntryPoint","urlTemplate":"https:\/\/gason-marketing.com\/fr\/?s={search_term_string}"},"query-input":{"@type":"PropertyValueSpecification","valueRequired":true,"valueName":"search_term_string"}}],"inLanguage":"fr-FR"},{"@type":"Organization","@id":"https:\/\/gason-marketing.com\/fr\/#organization","name":"GasOn Marketing","url":"https:\/\/gason-marketing.com\/fr\/","logo":{"@type":"ImageObject","inLanguage":"fr-FR","@id":"https:\/\/gason-marketing.com\/fr\/#\/schema\/logo\/image\/","url":"https:\/\/gason-marketing.com\/wp-content\/uploads\/2024\/04\/gason-marketing-logo_238-46.png","contentUrl":"https:\/\/gason-marketing.com\/wp-content\/uploads\/2024\/04\/gason-marketing-logo_238-46.png","width":238,"height":46,"caption":"GasOn Marketing"},"image":{"@id":"https:\/\/gason-marketing.com\/fr\/#\/schema\/logo\/image\/"},"sameAs":["https:\/\/www.facebook.com\/gasonmarketing","https:\/\/x.com\/GasOnMarketing","https:\/\/www.instagram.com\/catherine.gason\/","https:\/\/www.linkedin.com\/in\/catherinegason\/","https:\/\/www.youtube.com\/@gason-marketing","https:\/\/www.pinterest.com\/catherinegason\/","https:\/\/www.tiktok.com\/@catherine.gason","https:\/\/www.threads.com\/@catherine.gason","https:\/\/en.wikipedia.org\/wiki\/User:CatherineGason","https:\/\/fr.wikipedia.org\/wiki\/Utilisateur:CatherineGason","https:\/\/it.wikipedia.org\/wiki\/Utente:CatherineGason"]}]}},"_links":{"self":[{"href":"https:\/\/gason-marketing.com\/fr\/wp-json\/wp\/v2\/pages\/16190","targetHints":{"allow":["GET"]}}],"collection":[{"href":"https:\/\/gason-marketing.com\/fr\/wp-json\/wp\/v2\/pages"}],"about":[{"href":"https:\/\/gason-marketing.com\/fr\/wp-json\/wp\/v2\/types\/page"}],"author":[{"embeddable":true,"href":"https:\/\/gason-marketing.com\/fr\/wp-json\/wp\/v2\/users\/2"}],"replies":[{"embeddable":true,"href":"https:\/\/gason-marketing.com\/fr\/wp-json\/wp\/v2\/comments?post=16190"}],"version-history":[{"count":0,"href":"https:\/\/gason-marketing.com\/fr\/wp-json\/wp\/v2\/pages\/16190\/revisions"}],"wp:attachment":[{"href":"https:\/\/gason-marketing.com\/fr\/wp-json\/wp\/v2\/media?parent=16190"}],"curies":[{"name":"wp","href":"https:\/\/api.w.org\/{rel}","templated":true}]}}