{"id":16483,"date":"2026-01-15T15:34:56","date_gmt":"2026-01-15T15:34:56","guid":{"rendered":"https:\/\/gason-marketing.com\/english-italian-french-marketing-freelancer\/"},"modified":"2026-03-22T14:31:40","modified_gmt":"2026-03-22T14:31:40","slug":"freelance-marketing-international-francais-anglais-italien","status":"publish","type":"page","link":"https:\/\/gason-marketing.com\/fr\/freelance-marketing-international-francais-anglais-italien\/","title":{"rendered":"R\u00e9servez votre appel d\u00e9couverte"},"content":{"rendered":"<p>[et_pb_section fb_built=\u00a0\u00bb1&Prime; admin_label=\u00a0\u00bbHero\u00a0\u00bb _builder_version=\u00a0\u00bb4.24.3&Prime; background_color=\u00a0\u00bb#FFCC00&Prime; background_enable_image=\u00a0\u00bboff\u00a0\u00bb background_blend=\u00a0\u00bboverlay\u00a0\u00bb locked=\u00a0\u00bboff\u00a0\u00bb global_colors_info=\u00a0\u00bb{%22gcid-daa5ae2f-01bb-4a04-9a41-4cfcb5845afc%22:%91%22background_color_gradient_stops%22%93,%22gcid-19964ace-e040-42a8-b9d4-cd3e7798298c%22:%91%22background_color_gradient_stops%22%93,%22gcid-1601ebb3-0f05-420d-8156-a02601a2f132%22:%91%22background_color_gradient_stops%22%93,%22gcid-de9bf88a-f863-4d81-b15c-a2c4f72f114c%22:%91%22background_color_gradient_stops%22%93,%22gcid-f5f65c72-95a1-4bfc-9a7b-ef4bc270ed78%22:%91%22background_color_gradient_stops%22%93,%22gcid-429553d8-e94d-4042-8282-844cf7adcb5e%22:%91%22background_color_gradient_stops%22%93,%22gcid-a1a6ea8f-b09f-4177-947a-0a25d1d041d3%22:%91%22background_color_gradient_stops%22%93,%22gcid-f686ad38-8620-40b8-ab33-464305f9f0c1%22:%91%22background_color_gradient_stops%22%93,%22gcid-82c9e7fa-607f-450e-abae-803398fc3d2d%22:%91%22background_color_gradient_stops%22%93}\u00a0\u00bb][et_pb_row column_structure=\u00a0\u00bb1_2,1_2&Prime; custom_padding_last_edited=\u00a0\u00bbon|phone\u00a0\u00bb _builder_version=\u00a0\u00bb4.24.3&Prime; background_color=\u00a0\u00bb#FFCC00&Prime; custom_margin=\u00a0\u00bb|||\u00a0\u00bb custom_padding=\u00a0\u00bb||||false|false\u00a0\u00bb custom_padding_tablet=\u00a0\u00bb||||false|false\u00a0\u00bb custom_padding_phone=\u00a0\u00bb0px||0px||false|false\u00a0\u00bb custom_width_px=\u00a0\u00bb1280px\u00a0\u00bb global_colors_info=\u00a0\u00bb{}\u00a0\u00bb][et_pb_column type=\u00a0\u00bb1_2&Prime; _builder_version=\u00a0\u00bb4.16&Prime; custom_padding=\u00a0\u00bb|||\u00a0\u00bb global_colors_info=\u00a0\u00bb{}\u00a0\u00bb custom_padding__hover=\u00a0\u00bb|||\u00a0\u00bb][et_pb_text _builder_version=\u00a0\u00bb4.27.6&Prime; _module_preset=\u00a0\u00bbdefault\u00a0\u00bb header_font=\u00a0\u00bb|600|||||||\u00a0\u00bb header_font_size=\u00a0\u00bb36px\u00a0\u00bb header_line_height=\u00a0\u00bb1.3em\u00a0\u00bb custom_padding=\u00a0\u00bb||||false|false\u00a0\u00bb hover_enabled=\u00a0\u00bb0&Prime; header_font_size_tablet=\u00a0\u00bb30px\u00a0\u00bb header_font_size_phone=\u00a0\u00bb30px\u00a0\u00bb header_font_size_last_edited=\u00a0\u00bbon|phone\u00a0\u00bb header_line_height_tablet=\u00a0\u00bb1.3em\u00a0\u00bb header_line_height_phone=\u00a0\u00bb1.3em\u00a0\u00bb header_line_height_last_edited=\u00a0\u00bbon|phone\u00a0\u00bb global_colors_info=\u00a0\u00bb{}\u00a0\u00bb sticky_enabled=\u00a0\u00bb0&Prime;]<\/p>\n<h1>R\u00e9servez votre appel d\u00e9couverte<\/h1>\n<p>Planifiez votre appel d\u00e9couverte gratuit avec Catherine Gason, consultante sp\u00e9cialis\u00e9e en marketing digital international et en strat\u00e9gies multilingues int\u00e9gr\u00e9es.[\/et_pb_text][et_pb_button button_url=\u00a0\u00bb#book\u00a0\u00bb button_text=\u00a0\u00bbR\u00c9SERVEZ VOTRE APPEL D\u00c9COUVERTE\u00a0\u00bb button_alignment_tablet=\u00a0\u00bbcenter\u00a0\u00bb button_alignment_phone=\u00a0\u00bbcenter\u00a0\u00bb button_alignment_last_edited=\u00a0\u00bbon|phone\u00a0\u00bb disabled_on=\u00a0\u00bboff|off|off\u00a0\u00bb _builder_version=\u00a0\u00bb4.27.4&Prime; custom_button=\u00a0\u00bbon\u00a0\u00bb button_use_icon=\u00a0\u00bboff\u00a0\u00bb custom_margin=\u00a0\u00bb20px||||false|false\u00a0\u00bb button_letter_spacing_hover=\u00a0\u00bb2px\u00a0\u00bb locked=\u00a0\u00bboff\u00a0\u00bb global_colors_info=\u00a0\u00bb{}\u00a0\u00bb button_text_size__hover_enabled=\u00a0\u00bboff\u00a0\u00bb button_text_size__hover=\u00a0\u00bbnull\u00a0\u00bb button_one_text_size__hover_enabled=\u00a0\u00bboff\u00a0\u00bb button_one_text_size__hover=\u00a0\u00bbnull\u00a0\u00bb button_two_text_size__hover_enabled=\u00a0\u00bboff\u00a0\u00bb button_two_text_size__hover=\u00a0\u00bbnull\u00a0\u00bb button_text_color__hover_enabled=\u00a0\u00bboff\u00a0\u00bb button_text_color__hover=\u00a0\u00bbnull\u00a0\u00bb button_one_text_color__hover_enabled=\u00a0\u00bboff\u00a0\u00bb button_one_text_color__hover=\u00a0\u00bbnull\u00a0\u00bb button_two_text_color__hover_enabled=\u00a0\u00bboff\u00a0\u00bb button_two_text_color__hover=\u00a0\u00bbnull\u00a0\u00bb button_border_width__hover_enabled=\u00a0\u00bboff\u00a0\u00bb button_border_width__hover=\u00a0\u00bbnull\u00a0\u00bb button_one_border_width__hover_enabled=\u00a0\u00bboff\u00a0\u00bb button_one_border_width__hover=\u00a0\u00bbnull\u00a0\u00bb button_two_border_width__hover_enabled=\u00a0\u00bboff\u00a0\u00bb button_two_border_width__hover=\u00a0\u00bbnull\u00a0\u00bb button_border_color__hover_enabled=\u00a0\u00bboff\u00a0\u00bb button_border_color__hover=\u00a0\u00bbnull\u00a0\u00bb button_one_border_color__hover_enabled=\u00a0\u00bboff\u00a0\u00bb button_one_border_color__hover=\u00a0\u00bbnull\u00a0\u00bb button_two_border_color__hover_enabled=\u00a0\u00bboff\u00a0\u00bb button_two_border_color__hover=\u00a0\u00bbnull\u00a0\u00bb button_border_radius__hover_enabled=\u00a0\u00bboff\u00a0\u00bb button_border_radius__hover=\u00a0\u00bbnull\u00a0\u00bb button_one_border_radius__hover_enabled=\u00a0\u00bboff\u00a0\u00bb button_one_border_radius__hover=\u00a0\u00bbnull\u00a0\u00bb button_two_border_radius__hover_enabled=\u00a0\u00bboff\u00a0\u00bb button_two_border_radius__hover=\u00a0\u00bbnull\u00a0\u00bb button_letter_spacing__hover_enabled=\u00a0\u00bbon\u00a0\u00bb button_letter_spacing__hover=\u00a0\u00bb2px\u00a0\u00bb button_one_letter_spacing__hover_enabled=\u00a0\u00bboff\u00a0\u00bb button_one_letter_spacing__hover=\u00a0\u00bbnull\u00a0\u00bb button_two_letter_spacing__hover_enabled=\u00a0\u00bboff\u00a0\u00bb button_two_letter_spacing__hover=\u00a0\u00bbnull\u00a0\u00bb button_bg_color__hover_enabled=\u00a0\u00bboff\u00a0\u00bb button_bg_color__hover=\u00a0\u00bbnull\u00a0\u00bb button_one_bg_color__hover_enabled=\u00a0\u00bboff\u00a0\u00bb button_one_bg_color__hover=\u00a0\u00bbnull\u00a0\u00bb button_two_bg_color__hover_enabled=\u00a0\u00bboff\u00a0\u00bb button_two_bg_color__hover=\u00a0\u00bbnull\u00a0\u00bb][\/et_pb_button][\/et_pb_column][et_pb_column type=\u00a0\u00bb1_2&Prime; _builder_version=\u00a0\u00bb4.16&Prime; custom_padding=\u00a0\u00bb|||\u00a0\u00bb global_colors_info=\u00a0\u00bb{}\u00a0\u00bb custom_padding__hover=\u00a0\u00bb|||\u00a0\u00bb][et_pb_image src=\u00a0\u00bbhttps:\/\/gason-marketing.com\/wp-content\/uploads\/2024\/04\/gason-marketing_freelance-marketing-consultant_international-digital-marketing-strategist.webp\u00a0\u00bb alt=\u00a0\u00bbR\u00e9servez votre appel d\u00e9couverte avec Catherine Gason | GasOn Marketing\u00a0\u00bb title_text=\u00a0\u00bbR\u00e9servez votre appel d\u00e9couverte avec Catherine Gason | GasOn Marketing\u00a0\u00bb align=\u00a0\u00bbcenter\u00a0\u00bb _builder_version=\u00a0\u00bb4.27.6&Prime; _module_preset=\u00a0\u00bbdefault\u00a0\u00bb hover_enabled=\u00a0\u00bb0&Prime; global_colors_info=\u00a0\u00bb{}\u00a0\u00bb sticky_enabled=\u00a0\u00bb0&Prime;][\/et_pb_image][\/et_pb_column][\/et_pb_row][\/et_pb_section][et_pb_section fb_built=\u00a0\u00bb1&Prime; _builder_version=\u00a0\u00bb4.25.1&Prime; _module_preset=\u00a0\u00bbdefault\u00a0\u00bb custom_padding=\u00a0\u00bb50px||50px||false|false\u00a0\u00bb saved_tabs=\u00a0\u00bball\u00a0\u00bb locked=\u00a0\u00bboff\u00a0\u00bb global_colors_info=\u00a0\u00bb{}\u00a0\u00bb][et_pb_row custom_padding_last_edited=\u00a0\u00bbon|phone\u00a0\u00bb module_id=\u00a0\u00bbbook\u00a0\u00bb _builder_version=\u00a0\u00bb4.25.1&Prime; _module_preset=\u00a0\u00bbdefault\u00a0\u00bb custom_padding_tablet=\u00a0\u00bb||||true\u00a0\u00bb custom_padding_phone=\u00a0\u00bb0px||0px||false|false\u00a0\u00bb global_colors_info=\u00a0\u00bb{}\u00a0\u00bb][et_pb_column type=\u00a0\u00bb4_4&Prime; _builder_version=\u00a0\u00bb4.24.0&Prime; _module_preset=\u00a0\u00bbdefault\u00a0\u00bb global_colors_info=\u00a0\u00bb{}\u00a0\u00bb][et_pb_text ul_type=\u00a0\u00bbsquare\u00a0\u00bb _builder_version=\u00a0\u00bb4.27.6&Prime; _module_preset=\u00a0\u00bbdefault\u00a0\u00bb header_2_text_align=\u00a0\u00bbcenter\u00a0\u00bb width=\u00a0\u00bb70%\u00a0\u00bb module_alignment=\u00a0\u00bbcenter\u00a0\u00bb global_colors_info=\u00a0\u00bb{}\u00a0\u00bb]<\/p>\n<h2 style=\"text-align: center;\">S\u00e9lectionnez votre cr\u00e9neau et recevez instantan\u00e9ment votre lien Zoom<\/h2>\n<p>[\/et_pb_text][et_pb_blurb use_icon=\u00a0\u00bbon\u00a0\u00bb font_icon=\u00a0\u00bb&#xf0ab;||fa||900&Prime; icon_placement=\u00a0\u00bbleft\u00a0\u00bb _builder_version=\u00a0\u00bb4.25.1&Prime; _module_preset=\u00a0\u00bbdefault\u00a0\u00bb global_colors_info=\u00a0\u00bb{}\u00a0\u00bb]<\/p>\n<p>Veuillez ajuster les param\u00e8tres de confidentialit\u00e9 en s\u00e9lectionnant l\u2019ic\u00f4ne du trou de serrure en bas \u00e0 droite pour acc\u00e9der au calendrier Calendly.<\/p>\n<p><!-- Calendly inline widget begin --><\/p>\n<div class=\"calendly-inline-widget\" style=\"min-width: 320px; height: 700px;\" data-url=\"https:\/\/calendly.com\/gason-marketing\/book-meeting\"><\/div>\n<p>\n<script type=\"text\/javascript\" src=\"https:\/\/assets.calendly.com\/assets\/external\/widget.js\" async=\"\"><\/script>\n<\/p>\n<p><!-- Calendly inline widget end --><\/p>\n<p>[\/et_pb_blurb][\/et_pb_column][\/et_pb_row][\/et_pb_section][et_pb_section fb_built=\u00a0\u00bb1&Prime; _builder_version=\u00a0\u00bb4.25.1&Prime; _module_preset=\u00a0\u00bbdefault\u00a0\u00bb background_color=\u00a0\u00bb#F7F7F7&Prime; custom_padding=\u00a0\u00bb50px||50px||false|false\u00a0\u00bb saved_tabs=\u00a0\u00bball\u00a0\u00bb locked=\u00a0\u00bboff\u00a0\u00bb global_colors_info=\u00a0\u00bb{}\u00a0\u00bb][et_pb_row column_structure=\u00a0\u00bb1_2,1_2&Prime; _builder_version=\u00a0\u00bb4.25.1&Prime; _module_preset=\u00a0\u00bbdefault\u00a0\u00bb global_colors_info=\u00a0\u00bb{}\u00a0\u00bb][et_pb_column type=\u00a0\u00bb1_2&Prime; _builder_version=\u00a0\u00bb4.25.1&Prime; _module_preset=\u00a0\u00bbdefault\u00a0\u00bb global_colors_info=\u00a0\u00bb{}\u00a0\u00bb][et_pb_code _builder_version=\u00a0\u00bb4.27.4&Prime; _module_preset=\u00a0\u00bbdefault\u00a0\u00bb border_radii=\u00a0\u00bbon|5px|5px|5px|5px\u00a0\u00bb global_colors_info=\u00a0\u00bb{}\u00a0\u00bb]<iframe src=\"https:\/\/www.google.com\/maps\/embed?pb=!1m18!1m12!1m3!1d2789.1186053234337!2d13.764910077453818!3d45.64843987107731!2m3!1f0!2f0!3f0!3m2!1i1024!2i768!4f13.1!3m3!1m2!1s0x477b6b763b7b5f9d%3A0xcab776ec24837c4f!2sGasOn%20Marketing%20Trieste%20di%20Catherine%20Gason!5e0!3m2!1sen!2sit!4v1715701816527!5m2!1sen!2sit\" width=\"600\" height=\"450\" style=\"border:0;\" allowfullscreen=\"\" loading=\"lazy\" referrerpolicy=\"no-referrer-when-downgrade\"><\/iframe>[\/et_pb_code][\/et_pb_column][et_pb_column type=\u00a0\u00bb1_2&Prime; _builder_version=\u00a0\u00bb4.25.1&Prime; _module_preset=\u00a0\u00bbdefault\u00a0\u00bb global_colors_info=\u00a0\u00bb{}\u00a0\u00bb][et_pb_text ul_type=\u00a0\u00bbsquare\u00a0\u00bb _builder_version=\u00a0\u00bb4.27.6&Prime; _module_preset=\u00a0\u00bbdefault\u00a0\u00bb header_2_text_align=\u00a0\u00bbleft\u00a0\u00bb module_alignment=\u00a0\u00bbcenter\u00a0\u00bb global_colors_info=\u00a0\u00bb{}\u00a0\u00bb]<\/p>\n<h2>Contactez GasOn Marketing<\/p>\n<p>[\/et_pb_text][et_pb_blurb use_icon=\u00a0\u00bbon\u00a0\u00bb font_icon=\u00a0\u00bb&#xf674;||fa||900&Prime; icon_placement=\u00a0\u00bbleft\u00a0\u00bb _builder_version=\u00a0\u00bb4.27.5&Prime; _module_preset=\u00a0\u00bbdefault\u00a0\u00bb body_font=\u00a0\u00bb|600|||||||\u00a0\u00bb global_colors_info=\u00a0\u00bb{}\u00a0\u00bb]<\/p>\n<p>Catherine Gason | GasOn Marketing<br \/>Via dei Cavazzeni 5, 34121 Trieste (TS), Italie<\/p>\n<p>[\/et_pb_blurb][et_pb_blurb use_icon=\u00a0\u00bbon\u00a0\u00bb font_icon=\u00a0\u00bb&#xf1e4;||fa||900&Prime; icon_placement=\u00a0\u00bbleft\u00a0\u00bb _builder_version=\u00a0\u00bb4.27.4&Prime; _module_preset=\u00a0\u00bbdefault\u00a0\u00bb global_colors_info=\u00a0\u00bb{}\u00a0\u00bb]<a href=\"tel:+390403229910\" target=\"_blank\" rel=\"noopener\" title=\"+39-040-2336248\">+39-040-2336248<\/a>[\/et_pb_blurb][et_pb_blurb use_icon=\u00a0\u00bbon\u00a0\u00bb font_icon=\u00a0\u00bb&#xf1fa;||fa||900&Prime; icon_placement=\u00a0\u00bbleft\u00a0\u00bb _builder_version=\u00a0\u00bb4.26.1&Prime; _module_preset=\u00a0\u00bbdefault\u00a0\u00bb global_colors_info=\u00a0\u00bb{}\u00a0\u00bb]<a href=\"mailto:info@gason-marketing.com\" target=\"_blank\" rel=\"noopener\" title=\"info@gason-marketing.com\">info@gason-marketing.com<\/a>[\/et_pb_blurb][et_pb_blurb use_icon=\u00a0\u00bbon\u00a0\u00bb font_icon=\u00a0\u00bb&#xf0ac;||fa||900&Prime; icon_placement=\u00a0\u00bbleft\u00a0\u00bb _builder_version=\u00a0\u00bb4.27.4&Prime; _module_preset=\u00a0\u00bbdefault\u00a0\u00bb global_colors_info=\u00a0\u00bb{}\u00a0\u00bb]<\/p>\n<p><a title=\"gason-marketing.com\" href=\"https:\/\/gason-marketing.com\/\" noreferrer=\"\">gason-marketing.com<\/a><br \/><a title=\"gason-marketing.fr\" href=\"https:\/\/gason-marketing.fr\/\" noreferrer=\"\">gason-marketing.fr<\/a><br \/><a title=\"gason-marketing.it\" href=\"https:\/\/gason-marketing.it\/\" noreferrer=\"\">gason-marketing.it<\/a><\/p>\n<p>[\/et_pb_blurb][et_pb_blurb use_icon=\u00a0\u00bbon\u00a0\u00bb font_icon=\u00a0\u00bb&#xe0f7;||divi||400&Prime; icon_placement=\u00a0\u00bbleft\u00a0\u00bb _builder_version=\u00a0\u00bb4.26.1&Prime; _module_preset=\u00a0\u00bbdefault\u00a0\u00bb global_colors_info=\u00a0\u00bb{}\u00a0\u00bb]<a title=\"international-seo-consultant.com\" href=\"https:\/\/international-seo-consultant.com\" target=\"_blank\" rel=\"noopener noreferrer\">international-seo-consultant.com<\/a>[\/et_pb_blurb][\/et_pb_column][\/et_pb_row][\/et_pb_section]<\/p>\n","protected":false},"excerpt":{"rendered":"<p>R\u00e9servez votre appel d\u00e9couverte gratuit avec Catherine Gason, consultante en marketing digital international sp\u00e9cialis\u00e9e en strat\u00e9gies multilingues.<\/p>\n","protected":false},"author":2,"featured_media":0,"parent":0,"menu_order":0,"comment_status":"closed","ping_status":"closed","template":"","meta":{"_et_pb_use_builder":"on","_et_pb_old_content":"","_et_gb_content_width":"","footnotes":""},"class_list":["post-16483","page","type-page","status-publish","hentry"],"yoast_head":"<!-- This site is optimized with the Yoast SEO plugin v27.4 - https:\/\/yoast.com\/product\/yoast-seo-wordpress\/ -->\n<title>R\u00e9servez votre appel d\u00e9couverte | GasOn Marketing<\/title>\n<meta name=\"description\" content=\"R\u00e9servez votre appel d\u00e9couverte gratuit avec Catherine Gason, consultante en marketing digital international sp\u00e9cialis\u00e9e en strat\u00e9gies multilingues.\" \/>\n<meta name=\"robots\" content=\"index, follow, max-snippet:-1, max-image-preview:large, max-video-preview:-1\" \/>\n<link rel=\"canonical\" href=\"https:\/\/gason-marketing.com\/fr\/freelance-marketing-international-francais-anglais-italien\/\" \/>\n<meta property=\"og:locale\" content=\"fr_FR\" \/>\n<meta property=\"og:type\" content=\"article\" \/>\n<meta property=\"og:title\" content=\"R\u00e9servez votre appel d\u00e9couverte | GasOn Marketing\" \/>\n<meta property=\"og:description\" content=\"R\u00e9servez votre appel d\u00e9couverte gratuit avec Catherine Gason, consultante en marketing digital international sp\u00e9cialis\u00e9e en strat\u00e9gies multilingues.\" \/>\n<meta property=\"og:url\" content=\"https:\/\/gason-marketing.com\/fr\/freelance-marketing-international-francais-anglais-italien\/\" \/>\n<meta property=\"og:site_name\" content=\"GasOn Marketing\" \/>\n<meta property=\"article:publisher\" content=\"https:\/\/www.facebook.com\/gasonmarketing\" \/>\n<meta property=\"article:modified_time\" content=\"2026-03-22T14:31:40+00:00\" \/>\n<meta name=\"twitter:card\" content=\"summary_large_image\" \/>\n<meta name=\"twitter:site\" content=\"@GasOnMarketing\" \/>\n<meta name=\"twitter:label1\" content=\"Dur\u00e9e de lecture estim\u00e9e\" \/>\n\t<meta name=\"twitter:data1\" content=\"3 minutes\" \/>\n<script type=\"application\/ld+json\" class=\"yoast-schema-graph\">{\"@context\":\"https:\\\/\\\/schema.org\",\"@graph\":[{\"@type\":\"WebPage\",\"@id\":\"https:\\\/\\\/gason-marketing.com\\\/fr\\\/freelance-marketing-international-francais-anglais-italien\\\/\",\"url\":\"https:\\\/\\\/gason-marketing.com\\\/fr\\\/freelance-marketing-international-francais-anglais-italien\\\/\",\"name\":\"R\u00e9servez votre appel d\u00e9couverte | GasOn Marketing\",\"isPartOf\":{\"@id\":\"https:\\\/\\\/gason-marketing.com\\\/fr\\\/#website\"},\"datePublished\":\"2026-01-15T15:34:56+00:00\",\"dateModified\":\"2026-03-22T14:31:40+00:00\",\"description\":\"R\u00e9servez votre appel d\u00e9couverte gratuit avec Catherine Gason, consultante en marketing digital international sp\u00e9cialis\u00e9e en strat\u00e9gies multilingues.\",\"breadcrumb\":{\"@id\":\"https:\\\/\\\/gason-marketing.com\\\/fr\\\/freelance-marketing-international-francais-anglais-italien\\\/#breadcrumb\"},\"inLanguage\":\"fr-FR\",\"potentialAction\":[{\"@type\":\"ReadAction\",\"target\":[\"https:\\\/\\\/gason-marketing.com\\\/fr\\\/freelance-marketing-international-francais-anglais-italien\\\/\"]}]},{\"@type\":\"BreadcrumbList\",\"@id\":\"https:\\\/\\\/gason-marketing.com\\\/fr\\\/freelance-marketing-international-francais-anglais-italien\\\/#breadcrumb\",\"itemListElement\":[{\"@type\":\"ListItem\",\"position\":1,\"name\":\"Home\",\"item\":\"https:\\\/\\\/gason-marketing.com\\\/fr\\\/\"},{\"@type\":\"ListItem\",\"position\":2,\"name\":\"R\u00e9servez votre appel d\u00e9couverte\"}]},{\"@type\":\"WebSite\",\"@id\":\"https:\\\/\\\/gason-marketing.com\\\/fr\\\/#website\",\"url\":\"https:\\\/\\\/gason-marketing.com\\\/fr\\\/\",\"name\":\"GasOn Marketing\",\"description\":\"Multilingual SEO &amp; Integrated Digital Marketing Consultancy\",\"publisher\":{\"@id\":\"https:\\\/\\\/gason-marketing.com\\\/fr\\\/#organization\"},\"potentialAction\":[{\"@type\":\"SearchAction\",\"target\":{\"@type\":\"EntryPoint\",\"urlTemplate\":\"https:\\\/\\\/gason-marketing.com\\\/fr\\\/?s={search_term_string}\"},\"query-input\":{\"@type\":\"PropertyValueSpecification\",\"valueRequired\":true,\"valueName\":\"search_term_string\"}}],\"inLanguage\":\"fr-FR\"},{\"@type\":\"Organization\",\"@id\":\"https:\\\/\\\/gason-marketing.com\\\/fr\\\/#organization\",\"name\":\"GasOn Marketing\",\"url\":\"https:\\\/\\\/gason-marketing.com\\\/fr\\\/\",\"logo\":{\"@type\":\"ImageObject\",\"inLanguage\":\"fr-FR\",\"@id\":\"https:\\\/\\\/gason-marketing.com\\\/fr\\\/#\\\/schema\\\/logo\\\/image\\\/\",\"url\":\"https:\\\/\\\/gason-marketing.com\\\/wp-content\\\/uploads\\\/2024\\\/04\\\/gason-marketing-logo_238-46.png\",\"contentUrl\":\"https:\\\/\\\/gason-marketing.com\\\/wp-content\\\/uploads\\\/2024\\\/04\\\/gason-marketing-logo_238-46.png\",\"width\":238,\"height\":46,\"caption\":\"GasOn Marketing\"},\"image\":{\"@id\":\"https:\\\/\\\/gason-marketing.com\\\/fr\\\/#\\\/schema\\\/logo\\\/image\\\/\"},\"sameAs\":[\"https:\\\/\\\/www.facebook.com\\\/gasonmarketing\",\"https:\\\/\\\/x.com\\\/GasOnMarketing\",\"https:\\\/\\\/www.instagram.com\\\/catherine.gason\\\/\",\"https:\\\/\\\/www.linkedin.com\\\/in\\\/catherinegason\\\/\",\"https:\\\/\\\/www.youtube.com\\\/@gason-marketing\",\"https:\\\/\\\/www.pinterest.com\\\/catherinegason\\\/\",\"https:\\\/\\\/www.tiktok.com\\\/@catherine.gason\",\"https:\\\/\\\/www.threads.com\\\/@catherine.gason\",\"https:\\\/\\\/en.wikipedia.org\\\/wiki\\\/User:CatherineGason\",\"https:\\\/\\\/fr.wikipedia.org\\\/wiki\\\/Utilisateur:CatherineGason\",\"https:\\\/\\\/it.wikipedia.org\\\/wiki\\\/Utente:CatherineGason\"]}]}<\/script>\n<!-- \/ Yoast SEO plugin. -->","yoast_head_json":{"title":"R\u00e9servez votre appel d\u00e9couverte | GasOn Marketing","description":"R\u00e9servez votre appel d\u00e9couverte gratuit avec Catherine Gason, consultante en marketing digital international sp\u00e9cialis\u00e9e en strat\u00e9gies multilingues.","robots":{"index":"index","follow":"follow","max-snippet":"max-snippet:-1","max-image-preview":"max-image-preview:large","max-video-preview":"max-video-preview:-1"},"canonical":"https:\/\/gason-marketing.com\/fr\/freelance-marketing-international-francais-anglais-italien\/","og_locale":"fr_FR","og_type":"article","og_title":"R\u00e9servez votre appel d\u00e9couverte | GasOn Marketing","og_description":"R\u00e9servez votre appel d\u00e9couverte gratuit avec Catherine Gason, consultante en marketing digital international sp\u00e9cialis\u00e9e en strat\u00e9gies multilingues.","og_url":"https:\/\/gason-marketing.com\/fr\/freelance-marketing-international-francais-anglais-italien\/","og_site_name":"GasOn Marketing","article_publisher":"https:\/\/www.facebook.com\/gasonmarketing","article_modified_time":"2026-03-22T14:31:40+00:00","twitter_card":"summary_large_image","twitter_site":"@GasOnMarketing","twitter_misc":{"Dur\u00e9e de lecture estim\u00e9e":"3 minutes"},"schema":{"@context":"https:\/\/schema.org","@graph":[{"@type":"WebPage","@id":"https:\/\/gason-marketing.com\/fr\/freelance-marketing-international-francais-anglais-italien\/","url":"https:\/\/gason-marketing.com\/fr\/freelance-marketing-international-francais-anglais-italien\/","name":"R\u00e9servez votre appel d\u00e9couverte | GasOn Marketing","isPartOf":{"@id":"https:\/\/gason-marketing.com\/fr\/#website"},"datePublished":"2026-01-15T15:34:56+00:00","dateModified":"2026-03-22T14:31:40+00:00","description":"R\u00e9servez votre appel d\u00e9couverte gratuit avec Catherine Gason, consultante en marketing digital international sp\u00e9cialis\u00e9e en strat\u00e9gies multilingues.","breadcrumb":{"@id":"https:\/\/gason-marketing.com\/fr\/freelance-marketing-international-francais-anglais-italien\/#breadcrumb"},"inLanguage":"fr-FR","potentialAction":[{"@type":"ReadAction","target":["https:\/\/gason-marketing.com\/fr\/freelance-marketing-international-francais-anglais-italien\/"]}]},{"@type":"BreadcrumbList","@id":"https:\/\/gason-marketing.com\/fr\/freelance-marketing-international-francais-anglais-italien\/#breadcrumb","itemListElement":[{"@type":"ListItem","position":1,"name":"Home","item":"https:\/\/gason-marketing.com\/fr\/"},{"@type":"ListItem","position":2,"name":"R\u00e9servez votre appel d\u00e9couverte"}]},{"@type":"WebSite","@id":"https:\/\/gason-marketing.com\/fr\/#website","url":"https:\/\/gason-marketing.com\/fr\/","name":"GasOn Marketing","description":"Multilingual SEO &amp; Integrated Digital Marketing Consultancy","publisher":{"@id":"https:\/\/gason-marketing.com\/fr\/#organization"},"potentialAction":[{"@type":"SearchAction","target":{"@type":"EntryPoint","urlTemplate":"https:\/\/gason-marketing.com\/fr\/?s={search_term_string}"},"query-input":{"@type":"PropertyValueSpecification","valueRequired":true,"valueName":"search_term_string"}}],"inLanguage":"fr-FR"},{"@type":"Organization","@id":"https:\/\/gason-marketing.com\/fr\/#organization","name":"GasOn Marketing","url":"https:\/\/gason-marketing.com\/fr\/","logo":{"@type":"ImageObject","inLanguage":"fr-FR","@id":"https:\/\/gason-marketing.com\/fr\/#\/schema\/logo\/image\/","url":"https:\/\/gason-marketing.com\/wp-content\/uploads\/2024\/04\/gason-marketing-logo_238-46.png","contentUrl":"https:\/\/gason-marketing.com\/wp-content\/uploads\/2024\/04\/gason-marketing-logo_238-46.png","width":238,"height":46,"caption":"GasOn Marketing"},"image":{"@id":"https:\/\/gason-marketing.com\/fr\/#\/schema\/logo\/image\/"},"sameAs":["https:\/\/www.facebook.com\/gasonmarketing","https:\/\/x.com\/GasOnMarketing","https:\/\/www.instagram.com\/catherine.gason\/","https:\/\/www.linkedin.com\/in\/catherinegason\/","https:\/\/www.youtube.com\/@gason-marketing","https:\/\/www.pinterest.com\/catherinegason\/","https:\/\/www.tiktok.com\/@catherine.gason","https:\/\/www.threads.com\/@catherine.gason","https:\/\/en.wikipedia.org\/wiki\/User:CatherineGason","https:\/\/fr.wikipedia.org\/wiki\/Utilisateur:CatherineGason","https:\/\/it.wikipedia.org\/wiki\/Utente:CatherineGason"]}]}},"_links":{"self":[{"href":"https:\/\/gason-marketing.com\/fr\/wp-json\/wp\/v2\/pages\/16483","targetHints":{"allow":["GET"]}}],"collection":[{"href":"https:\/\/gason-marketing.com\/fr\/wp-json\/wp\/v2\/pages"}],"about":[{"href":"https:\/\/gason-marketing.com\/fr\/wp-json\/wp\/v2\/types\/page"}],"author":[{"embeddable":true,"href":"https:\/\/gason-marketing.com\/fr\/wp-json\/wp\/v2\/users\/2"}],"replies":[{"embeddable":true,"href":"https:\/\/gason-marketing.com\/fr\/wp-json\/wp\/v2\/comments?post=16483"}],"version-history":[{"count":0,"href":"https:\/\/gason-marketing.com\/fr\/wp-json\/wp\/v2\/pages\/16483\/revisions"}],"wp:attachment":[{"href":"https:\/\/gason-marketing.com\/fr\/wp-json\/wp\/v2\/media?parent=16483"}],"curies":[{"name":"wp","href":"https:\/\/api.w.org\/{rel}","templated":true}]}}