{"id":9603,"date":"2024-05-13T16:05:03","date_gmt":"2024-05-13T16:05:03","guid":{"rendered":"https:\/\/gason-marketing.fr\/international-digital-marketing-specialist\/"},"modified":"2026-02-28T18:08:58","modified_gmt":"2026-02-28T18:08:58","slug":"digital-marketer-freelance","status":"publish","type":"page","link":"https:\/\/gason-marketing.com\/fr\/digital-marketer-freelance\/","title":{"rendered":"Rejoignez le r\u00e9seau freelance GasOn Marketing"},"content":{"rendered":"\n[et_pb_section fb_built=\u00a0\u00bb1&Prime; admin_label=\u00a0\u00bbHero\u00a0\u00bb _builder_version=\u00a0\u00bb4.27.6&Prime; background_color=\u00a0\u00bbrgba(34,34,34,0.9)\u00a0\u00bb background_blend=\u00a0\u00bboverlay\u00a0\u00bb hover_enabled=\u00a0\u00bb0&Prime; locked=\u00a0\u00bboff\u00a0\u00bb global_colors_info=\u00a0\u00bb{%22gcid-daa5ae2f-01bb-4a04-9a41-4cfcb5845afc%22:%91%22background_color_gradient_stops%22%93,%22gcid-19964ace-e040-42a8-b9d4-cd3e7798298c%22:%91%22background_color_gradient_stops%22%93,%22gcid-1601ebb3-0f05-420d-8156-a02601a2f132%22:%91%22background_color_gradient_stops%22%93,%22gcid-de9bf88a-f863-4d81-b15c-a2c4f72f114c%22:%91%22background_color_gradient_stops%22%93,%22gcid-f5f65c72-95a1-4bfc-9a7b-ef4bc270ed78%22:%91%22background_color_gradient_stops%22%93,%22gcid-429553d8-e94d-4042-8282-844cf7adcb5e%22:%91%22background_color_gradient_stops%22%93,%22gcid-a1a6ea8f-b09f-4177-947a-0a25d1d041d3%22:%91%22background_color_gradient_stops%22%93,%22gcid-f686ad38-8620-40b8-ab33-464305f9f0c1%22:%91%22background_color_gradient_stops%22%93,%22gcid-82c9e7fa-607f-450e-abae-803398fc3d2d%22:%91%22background_color_gradient_stops%22%93}\u00a0\u00bb sticky_enabled=\u00a0\u00bb0&Prime; alt=\u00a0\u00bbRejoignez le r\u00e9seau freelance GasOn Marketing | Digital Marketers et Assistants Virtuels\u00a0\u00bb title_text=\u00a0\u00bbRejoignez le r\u00e9seau freelance GasOn Marketing | Digital Marketers et Assistants Virtuels\u00a0\u00bb background_image=\u00a0\u00bbhttps:\/\/gason-marketing.com\/wp-content\/uploads\/2026\/02\/freelance-digital-marketing-specialist-virtual-assistant-network.webp\u00a0\u00bb][et_pb_row _builder_version=\u00a0\u00bb4.27.6&Prime; _module_preset=\u00a0\u00bbdefault\u00a0\u00bb][et_pb_column _builder_version=\u00a0\u00bb4.27.6&Prime; _module_preset=\u00a0\u00bbdefault\u00a0\u00bb type=\u00a0\u00bb4_4&Prime;][et_pb_text _builder_version=\u00a0\u00bb4.27.6&Prime; _module_preset=\u00a0\u00bbdefault\u00a0\u00bb text_text_color=\u00a0\u00bb#FFFFFF\u00a0\u00bb header_text_color=\u00a0\u00bb#FFFFFF\u00a0\u00bb hover_enabled=\u00a0\u00bb0&Prime; sticky_enabled=\u00a0\u00bb0&Prime;]<h1>Rejoignez le r\u00e9seau freelance GasOn Marketing<\/h1>\n<p>Vous \u00eates freelance en marketing digital ou assistant(e) virtuel(le) \u00e0 la recherche de projets stimulants\u202f? Rejoignez le r\u00e9seau de GasOn Marketing pour collaborer sur des campagnes internationales innovantes.<\/p>[\/et_pb_text][\/et_pb_column][\/et_pb_row][\/et_pb_section][et_pb_section fb_built=\u00a0\u00bb1&Prime; admin_label=\u00a0\u00bbHero\u00a0\u00bb _builder_version=\u00a0\u00bb4.24.3&Prime; background_enable_image=\u00a0\u00bboff\u00a0\u00bb background_blend=\u00a0\u00bboverlay\u00a0\u00bb custom_padding=\u00a0\u00bb50px||50px||false|false\u00a0\u00bb animation_direction=\u00a0\u00bbtop\u00a0\u00bb locked=\u00a0\u00bboff\u00a0\u00bb global_colors_info=\u00a0\u00bb{%22gcid-daa5ae2f-01bb-4a04-9a41-4cfcb5845afc%22:%91%22background_color_gradient_stops%22%93,%22gcid-19964ace-e040-42a8-b9d4-cd3e7798298c%22:%91%22background_color_gradient_stops%22%93,%22gcid-1601ebb3-0f05-420d-8156-a02601a2f132%22:%91%22background_color_gradient_stops%22%93,%22gcid-de9bf88a-f863-4d81-b15c-a2c4f72f114c%22:%91%22background_color_gradient_stops%22%93,%22gcid-f5f65c72-95a1-4bfc-9a7b-ef4bc270ed78%22:%91%22background_color_gradient_stops%22%93,%22gcid-429553d8-e94d-4042-8282-844cf7adcb5e%22:%91%22background_color_gradient_stops%22%93,%22gcid-a1a6ea8f-b09f-4177-947a-0a25d1d041d3%22:%91%22background_color_gradient_stops%22%93,%22gcid-f686ad38-8620-40b8-ab33-464305f9f0c1%22:%91%22background_color_gradient_stops%22%93,%22gcid-82c9e7fa-607f-450e-abae-803398fc3d2d%22:%91%22background_color_gradient_stops%22%93}\u00a0\u00bb][et_pb_row _builder_version=\u00a0\u00bb4.27.6&Prime; _module_preset=\u00a0\u00bbdefault\u00a0\u00bb][et_pb_column _builder_version=\u00a0\u00bb4.27.6&Prime; _module_preset=\u00a0\u00bbdefault\u00a0\u00bb type=\u00a0\u00bb4_4&Prime;][et_pb_text _builder_version=\u00a0\u00bb4.27.6&Prime; _module_preset=\u00a0\u00bbdefault\u00a0\u00bb hover_enabled=\u00a0\u00bb0&Prime; sticky_enabled=\u00a0\u00bb0&Prime; ul_type=\u00a0\u00bbsquare\u00a0\u00bb]<h2>Rejoignez GasOn Marketing<\/h2>\n<p>GasOn Marketing, fond\u00e9e par Catherine Gason, est une soci\u00e9t\u00e9 de conseil strat\u00e9gique sp\u00e9cialis\u00e9e dans le marketing digital international. Nous ne sommes pas une agence op\u00e9rationnelle : nous concevons et supervisons des syst\u00e8mes int\u00e9gr\u00e9s pour nos clients.<\/p>\n<p>Nous travaillons avec les \u00e9quipes du client ou avec un r\u00e9seau international de freelances sp\u00e9cialis\u00e9s, mobilis\u00e9s selon les besoins, afin d\u2019assurer une mise en \u0153uvre align\u00e9e sur la strat\u00e9gie d\u00e9finie.<\/p>\n<p>Nous recherchons en continu des freelances en marketing digital et des assistants virtuels exp\u00e9riment\u00e9s, capables d\u2019\u00e9voluer dans un cadre strat\u00e9gique structur\u00e9 et international. Les profils les plus demand\u00e9s incluent :<\/p>\n<ul>\n<li>Data &amp; Analytics Consultant<\/li>\n<li>UX Strategist<\/li>\n<li>SEO Specialist avec vision strat\u00e9gique<\/li>\n<li>Content Strategist &amp; Content Architect<\/li>\n<li>Paid Media Specialist orient\u00e9 coh\u00e9rence cross-channel<\/li>\n<li>Email &amp; Marketing Automation Specialist<\/li>\n<li>CRO Specialist<\/li>\n<li>Assistants Virtuels en Marketing<\/li>\n<\/ul>\n<h2>Le freelance id\u00e9al<\/h2>\n<ul>\n<li>Pense en syst\u00e8mes, pas en canaux isol\u00e9s<\/li>\n<li>Dispose d\u2019une forte autonomie op\u00e9rationnelle<\/li>\n<li>Communique clairement et efficacement<\/li>\n<li>S\u2019adapte \u00e0 diff\u00e9rents march\u00e9s et langues<\/li>\n<li>Est orient\u00e9 r\u00e9sultats et optimisation continue<\/li>\n<\/ul>\n<h2>Notre fa\u00e7on de travailler<\/h2>\n<p>Nous assurons la gouvernance strat\u00e9gique centrale. Les freelances interviennent sur l\u2019activation des canaux, la mise en \u0153uvre op\u00e9rationnelle, l\u2019adaptation locale et le feedback continu.<\/p>\n<p>Chaque projet d\u00e9bute avec une direction claire et chaque freelance \u00e9volue dans un cadre partag\u00e9, structur\u00e9 et align\u00e9 sur les objectifs.<\/p>\n<h2>Candidature<\/h2>\n<p>Si vous \u00eates Digital Marketer ou Assistant(e) Virtuel(le) freelance et souhaitez rejoindre notre r\u00e9seau pour des collaborations internationales sur des projets strat\u00e9giques, veuillez :<\/p>\n<ul>\n<li>Envoyer votre portfolio \u00e0 jour<\/li>\n<li>Indiquer vos domaines de sp\u00e9cialisation<\/li>\n<li>Pr\u00e9ciser les march\u00e9s et langues dans lesquels vous intervenez<\/li>\n<li>Fournir une br\u00e8ve description de votre m\u00e9thodologie<\/li>\n<\/ul>\n<p>Nous constituons un r\u00e9seau s\u00e9lectionn\u00e9, activ\u00e9 selon les besoins des projets. Les missions imm\u00e9diates ne sont pas garanties. Envoyez votre candidature \u00e0 <a href=\"mailto:info@gason-marketing.com\">info@gason-marketing.com<\/a>.<\/p>[\/et_pb_text][\/et_pb_column][\/et_pb_row][\/et_pb_section]\n","protected":false},"excerpt":{"rendered":"<p>Vous \u00eates freelance en marketing digital ou assistant(e) virtuel(le) et recherchez des projets stimulants\u202f? Rejoignez le r\u00e9seau de GasOn Marketing.<\/p>\n","protected":false},"author":1,"featured_media":0,"parent":0,"menu_order":0,"comment_status":"closed","ping_status":"closed","template":"","meta":{"_et_pb_use_builder":"on","_et_pb_old_content":"","_et_gb_content_width":"","footnotes":""},"class_list":["post-9603","page","type-page","status-publish","hentry"],"yoast_head":"<!-- This site is optimized with the Yoast SEO plugin v27.4 - https:\/\/yoast.com\/product\/yoast-seo-wordpress\/ -->\n<title>Projets pour Freelance Digital Marketers et Assistants Virtuels<\/title>\n<meta name=\"description\" content=\"Vous \u00eates freelance en marketing digital ou assistant(e) virtuel(le) et recherchez des projets stimulants\u202f? Rejoignez le r\u00e9seau de GasOn Marketing.\" \/>\n<meta name=\"robots\" content=\"index, follow, max-snippet:-1, max-image-preview:large, max-video-preview:-1\" \/>\n<link rel=\"canonical\" href=\"https:\/\/gason-marketing.com\/fr\/digital-marketer-freelance\/\" \/>\n<meta property=\"og:locale\" content=\"fr_FR\" \/>\n<meta property=\"og:type\" content=\"article\" \/>\n<meta property=\"og:title\" content=\"Projets pour Freelance Digital Marketers et Assistants Virtuels\" \/>\n<meta property=\"og:description\" content=\"Vous \u00eates freelance en marketing digital ou assistant(e) virtuel(le) et recherchez des projets stimulants\u202f? Rejoignez le r\u00e9seau de GasOn Marketing.\" \/>\n<meta property=\"og:url\" content=\"https:\/\/gason-marketing.com\/fr\/digital-marketer-freelance\/\" \/>\n<meta property=\"og:site_name\" content=\"GasOn Marketing\" \/>\n<meta property=\"article:publisher\" content=\"https:\/\/www.facebook.com\/gasonmarketing\" \/>\n<meta property=\"article:modified_time\" content=\"2026-02-28T18:08:58+00:00\" \/>\n<meta name=\"twitter:card\" content=\"summary_large_image\" \/>\n<meta name=\"twitter:site\" content=\"@GasOnMarketing\" \/>\n<meta name=\"twitter:label1\" content=\"Dur\u00e9e de lecture estim\u00e9e\" \/>\n\t<meta name=\"twitter:data1\" content=\"2 minutes\" \/>\n<script type=\"application\/ld+json\" class=\"yoast-schema-graph\">{\"@context\":\"https:\\\/\\\/schema.org\",\"@graph\":[{\"@type\":\"WebPage\",\"@id\":\"https:\\\/\\\/gason-marketing.com\\\/fr\\\/digital-marketer-freelance\\\/\",\"url\":\"https:\\\/\\\/gason-marketing.com\\\/fr\\\/digital-marketer-freelance\\\/\",\"name\":\"Projets pour Freelance Digital Marketers et Assistants Virtuels\",\"isPartOf\":{\"@id\":\"https:\\\/\\\/gason-marketing.com\\\/fr\\\/#website\"},\"datePublished\":\"2024-05-13T16:05:03+00:00\",\"dateModified\":\"2026-02-28T18:08:58+00:00\",\"description\":\"Vous \u00eates freelance en marketing digital ou assistant(e) virtuel(le) et recherchez des projets stimulants\u202f? Rejoignez le r\u00e9seau de GasOn Marketing.\",\"breadcrumb\":{\"@id\":\"https:\\\/\\\/gason-marketing.com\\\/fr\\\/digital-marketer-freelance\\\/#breadcrumb\"},\"inLanguage\":\"fr-FR\",\"potentialAction\":[{\"@type\":\"ReadAction\",\"target\":[\"https:\\\/\\\/gason-marketing.com\\\/fr\\\/digital-marketer-freelance\\\/\"]}]},{\"@type\":\"BreadcrumbList\",\"@id\":\"https:\\\/\\\/gason-marketing.com\\\/fr\\\/digital-marketer-freelance\\\/#breadcrumb\",\"itemListElement\":[{\"@type\":\"ListItem\",\"position\":1,\"name\":\"Home\",\"item\":\"https:\\\/\\\/gason-marketing.com\\\/fr\\\/\"},{\"@type\":\"ListItem\",\"position\":2,\"name\":\"Rejoignez le r\u00e9seau freelance GasOn Marketing\"}]},{\"@type\":\"WebSite\",\"@id\":\"https:\\\/\\\/gason-marketing.com\\\/fr\\\/#website\",\"url\":\"https:\\\/\\\/gason-marketing.com\\\/fr\\\/\",\"name\":\"GasOn Marketing\",\"description\":\"Multilingual SEO &amp; Integrated Digital Marketing Consultancy\",\"publisher\":{\"@id\":\"https:\\\/\\\/gason-marketing.com\\\/fr\\\/#organization\"},\"potentialAction\":[{\"@type\":\"SearchAction\",\"target\":{\"@type\":\"EntryPoint\",\"urlTemplate\":\"https:\\\/\\\/gason-marketing.com\\\/fr\\\/?s={search_term_string}\"},\"query-input\":{\"@type\":\"PropertyValueSpecification\",\"valueRequired\":true,\"valueName\":\"search_term_string\"}}],\"inLanguage\":\"fr-FR\"},{\"@type\":\"Organization\",\"@id\":\"https:\\\/\\\/gason-marketing.com\\\/fr\\\/#organization\",\"name\":\"GasOn Marketing\",\"url\":\"https:\\\/\\\/gason-marketing.com\\\/fr\\\/\",\"logo\":{\"@type\":\"ImageObject\",\"inLanguage\":\"fr-FR\",\"@id\":\"https:\\\/\\\/gason-marketing.com\\\/fr\\\/#\\\/schema\\\/logo\\\/image\\\/\",\"url\":\"https:\\\/\\\/gason-marketing.com\\\/wp-content\\\/uploads\\\/2024\\\/04\\\/gason-marketing-logo_238-46.png\",\"contentUrl\":\"https:\\\/\\\/gason-marketing.com\\\/wp-content\\\/uploads\\\/2024\\\/04\\\/gason-marketing-logo_238-46.png\",\"width\":238,\"height\":46,\"caption\":\"GasOn Marketing\"},\"image\":{\"@id\":\"https:\\\/\\\/gason-marketing.com\\\/fr\\\/#\\\/schema\\\/logo\\\/image\\\/\"},\"sameAs\":[\"https:\\\/\\\/www.facebook.com\\\/gasonmarketing\",\"https:\\\/\\\/x.com\\\/GasOnMarketing\",\"https:\\\/\\\/www.instagram.com\\\/catherine.gason\\\/\",\"https:\\\/\\\/www.linkedin.com\\\/in\\\/catherinegason\\\/\",\"https:\\\/\\\/www.youtube.com\\\/@gason-marketing\",\"https:\\\/\\\/www.pinterest.com\\\/catherinegason\\\/\",\"https:\\\/\\\/www.tiktok.com\\\/@catherine.gason\",\"https:\\\/\\\/www.threads.com\\\/@catherine.gason\",\"https:\\\/\\\/en.wikipedia.org\\\/wiki\\\/User:CatherineGason\",\"https:\\\/\\\/fr.wikipedia.org\\\/wiki\\\/Utilisateur:CatherineGason\",\"https:\\\/\\\/it.wikipedia.org\\\/wiki\\\/Utente:CatherineGason\"]}]}<\/script>\n<!-- \/ Yoast SEO plugin. -->","yoast_head_json":{"title":"Projets pour Freelance Digital Marketers et Assistants Virtuels","description":"Vous \u00eates freelance en marketing digital ou assistant(e) virtuel(le) et recherchez des projets stimulants\u202f? Rejoignez le r\u00e9seau de GasOn Marketing.","robots":{"index":"index","follow":"follow","max-snippet":"max-snippet:-1","max-image-preview":"max-image-preview:large","max-video-preview":"max-video-preview:-1"},"canonical":"https:\/\/gason-marketing.com\/fr\/digital-marketer-freelance\/","og_locale":"fr_FR","og_type":"article","og_title":"Projets pour Freelance Digital Marketers et Assistants Virtuels","og_description":"Vous \u00eates freelance en marketing digital ou assistant(e) virtuel(le) et recherchez des projets stimulants\u202f? Rejoignez le r\u00e9seau de GasOn Marketing.","og_url":"https:\/\/gason-marketing.com\/fr\/digital-marketer-freelance\/","og_site_name":"GasOn Marketing","article_publisher":"https:\/\/www.facebook.com\/gasonmarketing","article_modified_time":"2026-02-28T18:08:58+00:00","twitter_card":"summary_large_image","twitter_site":"@GasOnMarketing","twitter_misc":{"Dur\u00e9e de lecture estim\u00e9e":"2 minutes"},"schema":{"@context":"https:\/\/schema.org","@graph":[{"@type":"WebPage","@id":"https:\/\/gason-marketing.com\/fr\/digital-marketer-freelance\/","url":"https:\/\/gason-marketing.com\/fr\/digital-marketer-freelance\/","name":"Projets pour Freelance Digital Marketers et Assistants Virtuels","isPartOf":{"@id":"https:\/\/gason-marketing.com\/fr\/#website"},"datePublished":"2024-05-13T16:05:03+00:00","dateModified":"2026-02-28T18:08:58+00:00","description":"Vous \u00eates freelance en marketing digital ou assistant(e) virtuel(le) et recherchez des projets stimulants\u202f? Rejoignez le r\u00e9seau de GasOn Marketing.","breadcrumb":{"@id":"https:\/\/gason-marketing.com\/fr\/digital-marketer-freelance\/#breadcrumb"},"inLanguage":"fr-FR","potentialAction":[{"@type":"ReadAction","target":["https:\/\/gason-marketing.com\/fr\/digital-marketer-freelance\/"]}]},{"@type":"BreadcrumbList","@id":"https:\/\/gason-marketing.com\/fr\/digital-marketer-freelance\/#breadcrumb","itemListElement":[{"@type":"ListItem","position":1,"name":"Home","item":"https:\/\/gason-marketing.com\/fr\/"},{"@type":"ListItem","position":2,"name":"Rejoignez le r\u00e9seau freelance GasOn Marketing"}]},{"@type":"WebSite","@id":"https:\/\/gason-marketing.com\/fr\/#website","url":"https:\/\/gason-marketing.com\/fr\/","name":"GasOn Marketing","description":"Multilingual SEO &amp; Integrated Digital Marketing Consultancy","publisher":{"@id":"https:\/\/gason-marketing.com\/fr\/#organization"},"potentialAction":[{"@type":"SearchAction","target":{"@type":"EntryPoint","urlTemplate":"https:\/\/gason-marketing.com\/fr\/?s={search_term_string}"},"query-input":{"@type":"PropertyValueSpecification","valueRequired":true,"valueName":"search_term_string"}}],"inLanguage":"fr-FR"},{"@type":"Organization","@id":"https:\/\/gason-marketing.com\/fr\/#organization","name":"GasOn Marketing","url":"https:\/\/gason-marketing.com\/fr\/","logo":{"@type":"ImageObject","inLanguage":"fr-FR","@id":"https:\/\/gason-marketing.com\/fr\/#\/schema\/logo\/image\/","url":"https:\/\/gason-marketing.com\/wp-content\/uploads\/2024\/04\/gason-marketing-logo_238-46.png","contentUrl":"https:\/\/gason-marketing.com\/wp-content\/uploads\/2024\/04\/gason-marketing-logo_238-46.png","width":238,"height":46,"caption":"GasOn Marketing"},"image":{"@id":"https:\/\/gason-marketing.com\/fr\/#\/schema\/logo\/image\/"},"sameAs":["https:\/\/www.facebook.com\/gasonmarketing","https:\/\/x.com\/GasOnMarketing","https:\/\/www.instagram.com\/catherine.gason\/","https:\/\/www.linkedin.com\/in\/catherinegason\/","https:\/\/www.youtube.com\/@gason-marketing","https:\/\/www.pinterest.com\/catherinegason\/","https:\/\/www.tiktok.com\/@catherine.gason","https:\/\/www.threads.com\/@catherine.gason","https:\/\/en.wikipedia.org\/wiki\/User:CatherineGason","https:\/\/fr.wikipedia.org\/wiki\/Utilisateur:CatherineGason","https:\/\/it.wikipedia.org\/wiki\/Utente:CatherineGason"]}]}},"_links":{"self":[{"href":"https:\/\/gason-marketing.com\/fr\/wp-json\/wp\/v2\/pages\/9603","targetHints":{"allow":["GET"]}}],"collection":[{"href":"https:\/\/gason-marketing.com\/fr\/wp-json\/wp\/v2\/pages"}],"about":[{"href":"https:\/\/gason-marketing.com\/fr\/wp-json\/wp\/v2\/types\/page"}],"author":[{"embeddable":true,"href":"https:\/\/gason-marketing.com\/fr\/wp-json\/wp\/v2\/users\/1"}],"replies":[{"embeddable":true,"href":"https:\/\/gason-marketing.com\/fr\/wp-json\/wp\/v2\/comments?post=9603"}],"version-history":[{"count":0,"href":"https:\/\/gason-marketing.com\/fr\/wp-json\/wp\/v2\/pages\/9603\/revisions"}],"wp:attachment":[{"href":"https:\/\/gason-marketing.com\/fr\/wp-json\/wp\/v2\/media?parent=9603"}],"curies":[{"name":"wp","href":"https:\/\/api.w.org\/{rel}","templated":true}]}}